{"id":610,"date":"2016-03-07T03:10:46","date_gmt":"2016-03-07T03:10:46","guid":{"rendered":"https:\/\/www.gavias-theme.com\/wp\/codesk\/?page_id=610"},"modified":"2022-02-04T09:48:29","modified_gmt":"2022-02-04T09:48:29","slug":"contact-page","status":"publish","type":"page","link":"https:\/\/aftplastik.com.tr\/?page_id=610","title":{"rendered":"\u0130leti\u015fim"},"content":{"rendered":"\t\t<div data-elementor-type=\"wp-post\" data-elementor-id=\"610\" class=\"elementor elementor-610\">\n\t\t\t\t\t\t<section class=\"elementor-section elementor-top-section elementor-element elementor-element-0baf9bc elementor-section-boxed elementor-section-height-default elementor-section-height-default\" data-id=\"0baf9bc\" data-element_type=\"section\">\n\t\t\t\t\t\t<div class=\"elementor-container elementor-column-gap-default\">\n\t\t\t\t\t<div class=\"elementor-column elementor-col-33 elementor-top-column elementor-element elementor-element-933d560 column-style-top\" data-id=\"933d560\" data-element_type=\"column\">\n\t\t\t<div class=\"elementor-widget-wrap elementor-element-populated\">\n\t\t\t\t\t\t<div class=\"elementor-element elementor-element-6e2599a elementor-widget elementor-widget-gva-heading-block\" data-id=\"6e2599a\" data-element_type=\"widget\" data-widget_type=\"gva-heading-block.default\">\n\t\t\t\t<div class=\"elementor-widget-container\">\n\t\t\t\t\t<div class=\"gva-element-gva-heading-block gva-element\">   <div class=\"align-left style-1 widget gsc-heading\">\r\n      <div class=\"content-inner\">\r\n         \r\n                  \r\n           \r\n         \r\n                     <h2 class=\"title\">\r\n               <span><h2 style=\"font-size: 42px; white-space: normal;\">Bizimle \u0130leti\u015fime Ge\u00e7in<\/h2><\/span>\r\n            <\/h2>\r\n                  \r\n         \r\n      <\/div>\r\n   <\/div>\r\n   <div class=\"clearfix\"><\/div>\r\n<\/div>\t\t\t\t<\/div>\n\t\t\t\t<\/div>\n\t\t\t\t<div class=\"elementor-element elementor-element-c919fcf elementor-align-left elementor-list-item-link-full_width elementor-widget elementor-widget-icon-list\" data-id=\"c919fcf\" data-element_type=\"widget\" data-widget_type=\"icon-list.default\">\n\t\t\t\t<div class=\"elementor-widget-container\">\n\t\t\t\t\t\t\t<ul class=\"elementor-icon-list-items\">\n\t\t\t\t\t\t\t<li class=\"elementor-icon-list-item\">\n\t\t\t\t\t\t\t\t\t\t\t<span class=\"elementor-icon-list-icon\">\n\t\t\t\t\t\t\t<svg xmlns=\"http:\/\/www.w3.org\/2000\/svg\" xmlns:xlink=\"http:\/\/www.w3.org\/1999\/xlink\" x=\"0px\" y=\"0px\" viewBox=\"0 0 512 512\" style=\"enable-background:new 0 0 512 512;\" xml:space=\"preserve\"><g>\t<g>\t\t<path d=\"M256,0C156.748,0,76,80.748,76,180c0,33.534,9.289,66.26,26.869,94.652l142.885,230.257    c2.737,4.411,7.559,7.091,12.745,7.091c0.04,0,0.079,0,0.119,0c5.231-0.041,10.063-2.804,12.75-7.292L410.611,272.22    C427.221,244.428,436,212.539,436,180C436,80.748,355.252,0,256,0z M384.866,256.818L258.272,468.186l-129.905-209.34    C113.734,235.214,105.8,207.95,105.8,180c0-82.71,67.49-150.2,150.2-150.2S406.1,97.29,406.1,180    C406.1,207.121,398.689,233.688,384.866,256.818z\"><\/path>\t<\/g><\/g><g>\t<g>\t\t<path d=\"M256,90c-49.626,0-90,40.374-90,90c0,49.309,39.717,90,90,90c50.903,0,90-41.233,90-90C346,130.374,305.626,90,256,90z     M256,240.2c-33.257,0-60.2-27.033-60.2-60.2c0-33.084,27.116-60.2,60.2-60.2s60.1,27.116,60.1,60.2    C316.1,212.683,289.784,240.2,256,240.2z\"><\/path>\t<\/g><\/g><g><\/g><g><\/g><g><\/g><g><\/g><g><\/g><g><\/g><g><\/g><g><\/g><g><\/g><g><\/g><g><\/g><g><\/g><g><\/g><g><\/g><g><\/g><\/svg>\t\t\t\t\t\t<\/span>\n\t\t\t\t\t\t\t\t\t\t<span class=\"elementor-icon-list-text\">Antalya Blv. No:8, 07190 Aosb 1. K\u0131s\u0131m D\u00f6\u015femealt\u0131\/Antalya<\/span>\n\t\t\t\t\t\t\t\t\t<\/li>\n\t\t\t\t\t\t\t\t<li class=\"elementor-icon-list-item\">\n\t\t\t\t\t\t\t\t\t\t\t<span class=\"elementor-icon-list-icon\">\n\t\t\t\t\t\t\t<svg xmlns=\"http:\/\/www.w3.org\/2000\/svg\" xmlns:xlink=\"http:\/\/www.w3.org\/1999\/xlink\" x=\"0px\" y=\"0px\" viewBox=\"0 0 512 512\" style=\"enable-background:new 0 0 512 512;\" xml:space=\"preserve\"><g>\t<g>\t\t<path d=\"M511.609,197.601c-0.001-0.77-0.173-1.933-0.472-2.603c-0.787-2.854-2.536-5.461-5.154-7.281l-73.292-50.948V82.153    c0-7.24-5.872-13.112-13.112-13.112H335.26l-71.743-49.878c-4.484-3.121-10.437-3.134-14.935-0.026l-72.206,49.904H92.426    c-7.242,0-13.112,5.872-13.112,13.112v53.973L5.666,187.027c-3.623,2.504-5.583,6.507-5.645,10.6    C0.017,197.704,0,197.777,0,197.857l0.391,284.235c0.005,3.477,1.391,6.81,3.852,9.266c2.458,2.451,5.788,3.827,9.26,3.827    c0.007,0,0.012,0,0.018,0l485.385-0.667c7.24-0.01,13.104-5.889,13.094-13.13L511.609,197.601z M432.69,168.708l41.898,29.118    l-41.898,29.128V168.708z M256.015,45.884l33.31,23.156h-66.812L256.015,45.884z M105.538,95.265h300.928v149.921L305.43,315.428    l-41.194-31.954c-0.064-0.05-0.119-0.081-0.181-0.126c-4.604-3.454-11.116-3.581-15.894,0.126l-41.493,32.185l-101.13-69.893    V95.265z M79.314,168.003v59.64l-43.146-29.819L79.314,168.003z M26.258,222.867l158.669,109.655L26.578,455.346L26.258,222.867z     M51.875,468.909l204.324-158.484l203.591,157.923L51.875,468.909z M327.144,332.271l158.276-110.036l0.32,233.059    L327.144,332.271z\"><\/path>\t<\/g><\/g><g>\t<g>\t\t<path d=\"M344.77,147.713H167.234c-7.24,0-13.112,5.872-13.112,13.112s5.872,13.112,13.112,13.112H344.77    c7.242,0,13.112-5.872,13.112-13.112S352.012,147.713,344.77,147.713z\"><\/path>\t<\/g><\/g><g>\t<g>\t\t<path d=\"M344.77,215.895H167.234c-7.24,0-13.112,5.872-13.112,13.112c0,7.24,5.872,13.112,13.112,13.112H344.77    c7.242,0,13.112-5.872,13.112-13.112C357.882,221.767,352.012,215.895,344.77,215.895z\"><\/path>\t<\/g><\/g><g><\/g><g><\/g><g><\/g><g><\/g><g><\/g><g><\/g><g><\/g><g><\/g><g><\/g><g><\/g><g><\/g><g><\/g><g><\/g><g><\/g><g><\/g><\/svg>\t\t\t\t\t\t<\/span>\n\t\t\t\t\t\t\t\t\t\t<span class=\"elementor-icon-list-text\">info@aftplastik.com.tr<\/span>\n\t\t\t\t\t\t\t\t\t<\/li>\n\t\t\t\t\t\t\t\t<li class=\"elementor-icon-list-item\">\n\t\t\t\t\t\t\t\t\t\t\t<span class=\"elementor-icon-list-icon\">\n\t\t\t\t\t\t\t<svg xmlns=\"http:\/\/www.w3.org\/2000\/svg\" xmlns:xlink=\"http:\/\/www.w3.org\/1999\/xlink\" x=\"0px\" y=\"0px\" viewBox=\"0 0 512 512\" style=\"enable-background:new 0 0 512 512;\" xml:space=\"preserve\"><g>\t<g>\t\t<path d=\"M492.557,400.56L392.234,300.238c-11.976-11.975-31.458-11.975-43.435,0l-26.088,26.088    c-8.174,8.174-10.758,19.845-7.773,30.241l-9.843,9.843c-0.003,0.003-0.005,0.005-0.008,0.008    c-6.99,6.998-50.523-3.741-103.145-56.363c-52.614-52.613-63.356-96.139-56.366-103.142c0-0.002,0.002-0.002,0.002-0.002    l9.852-9.851c2.781,0.799,5.651,1.207,8.523,1.207c7.865,0,15.729-2.993,21.718-8.98l26.088-26.088    c11.975-11.975,11.975-31.458,0-43.434L111.436,19.441c-5.8-5.8-13.513-8.994-21.716-8.994c-8.205,0-15.915,3.196-21.716,8.994    l-26.09,26.09c-8.174,8.174-10.758,19.846-7.773,30.241c0,0-8.344,8.424-8.759,8.956c-27.753,30.849-32.96,79.418-14.561,137.487    c18.017,56.857,56.857,117.088,109.367,169.595c52.508,52.508,112.739,91.348,169.596,109.367    C312.624,508.414,333.991,512,353.394,512c31.813,0,58.337-9.648,77.35-28.66l5.474-5.474c2.74,0.788,5.602,1.213,8.532,1.213    c8.205,0,15.917-3.196,21.716-8.994l26.09-26.09C504.531,432.02,504.531,412.536,492.557,400.56z M89.72,41.157l100.324,100.325    l-26.074,26.102c0,0-0.005-0.005-0.014-0.014l-0.375-0.375l-49.787-49.787L63.631,67.247L89.72,41.157z M409.029,461.623    c-0.002,0.002-0.003,0.003-0.005,0.005c-22.094,22.091-61.146,25.74-109.961,10.27c-52.252-16.558-108.065-52.714-157.156-101.806    C92.814,321,56.658,265.189,40.101,212.936c-15.47-48.817-11.821-87.87,10.275-109.967l0.002-0.002l2.77-2.77l77.857,77.856    l-7.141,7.141c-0.005,0.005-0.009,0.011-0.015,0.017c-29.585,29.622,5.963,96.147,56.378,146.562    c37.734,37.734,84.493,67.14,118.051,67.14c11.284,0,21.076-3.325,28.528-10.778c0.003-0.003,0.005-0.005,0.008-0.008l7.133-7.133    l77.857,77.856L409.029,461.623z M444.752,448.368L344.428,348.044l26.088-26.088L470.84,422.278    C470.84,422.278,444.761,448.377,444.752,448.368z\"><\/path>\t<\/g><\/g><g>\t<g>\t\t<path d=\"M388.818,123.184c-29.209-29.209-68.042-45.294-109.344-45.293c-8.481,0-15.356,6.875-15.356,15.356    c0,8.481,6.876,15.356,15.356,15.356c33.1-0.002,64.219,12.89,87.628,36.297c23.406,23.406,36.295,54.525,36.294,87.624    c0,8.481,6.875,15.358,15.356,15.358c8.48,0,15.356-6.875,15.356-15.354C434.109,191.224,418.023,152.393,388.818,123.184z\"><\/path>\t<\/g><\/g><g>\t<g>\t\t<path d=\"M443.895,68.107C399.972,24.186,341.578-0.002,279.468,0c-8.481,0-15.356,6.876-15.356,15.356    c0,8.481,6.876,15.356,15.356,15.356c53.907-0.002,104.588,20.992,142.709,59.111c38.118,38.118,59.111,88.799,59.11,142.706    c0,8.481,6.875,15.356,15.356,15.356c8.48,0,15.356-6.875,15.356-15.354C512.001,170.419,487.813,112.027,443.895,68.107z\"><\/path>\t<\/g><\/g><g>\t<g>\t\t<path d=\"M333.737,178.26c-14.706-14.706-33.465-22.477-54.256-22.477c0,0-0.005,0-0.006,0    c-8.481,0.002-15.356,6.876-15.354,15.358c0.002,8.481,6.878,15.356,15.358,15.354c0.002,0,0.003,0,0.005,0    c12.644,0,23.593,4.536,32.539,13.481c8.819,8.82,13.481,20.075,13.479,32.544c-0.002,8.481,6.875,15.356,15.354,15.358h0.002    c8.481,0,15.354-6.875,15.356-15.354C356.215,211.732,348.444,192.968,333.737,178.26z\"><\/path>\t<\/g><\/g><g><\/g><g><\/g><g><\/g><g><\/g><g><\/g><g><\/g><g><\/g><g><\/g><g><\/g><g><\/g><g><\/g><g><\/g><g><\/g><g><\/g><g><\/g><\/svg>\t\t\t\t\t\t<\/span>\n\t\t\t\t\t\t\t\t\t\t<span class=\"elementor-icon-list-text\">0(242) 290 32 00<\/span>\n\t\t\t\t\t\t\t\t\t<\/li>\n\t\t\t\t\t\t\t\t<li class=\"elementor-icon-list-item\">\n\t\t\t\t\t\t\t\t\t\t\t<span class=\"elementor-icon-list-icon\">\n\t\t\t\t\t\t\t<svg xmlns=\"http:\/\/www.w3.org\/2000\/svg\" height=\"512\" viewBox=\"0 0 512 512\" width=\"512\"><g><g><path d=\"m256 512c-68.38 0-132.667-26.629-181.02-74.98-48.351-48.353-74.98-112.64-74.98-181.02s26.629-132.667 74.98-181.02c48.353-48.351 112.64-74.98 181.02-74.98s132.667 26.629 181.02 74.98c48.351 48.353 74.98 112.64 74.98 181.02s-26.629 132.667-74.98 181.02c-48.353 48.351-112.64 74.98-181.02 74.98zm0-482c-60.367 0-117.12 23.508-159.806 66.194s-66.194 99.439-66.194 159.806 23.508 117.12 66.194 159.806 99.439 66.194 159.806 66.194 117.12-23.508 159.806-66.194 66.194-99.439 66.194-159.806-23.508-117.12-66.194-159.806-99.439-66.194-159.806-66.194z\"><\/path><\/g><g><path d=\"m241 60.036h30v40.032h-30z\"><\/path><\/g><g><path d=\"m360.398 116.586h40.032v30h-40.032z\" transform=\"matrix(.707 -.707 .707 .707 18.375 307.534)\"><\/path><\/g><g><path d=\"m411.932 241h40.032v30h-40.032z\"><\/path><\/g><g><path d=\"m365.414 360.398h30v40.032h-30z\" transform=\"matrix(.707 -.707 .707 .707 -157.573 380.414)\"><\/path><\/g><g><path d=\"m241 411.932h30v40.032h-30z\"><\/path><\/g><g><path d=\"m111.57 365.414h40.032v30h-40.032z\" transform=\"matrix(.707 -.707 .707 .707 -230.453 204.466)\"><\/path><\/g><g><path d=\"m60.036 241h40.032v30h-40.032z\"><\/path><\/g><g><path d=\"m116.586 111.57h30v40.032h-30z\" transform=\"matrix(.707 -.707 .707 .707 -54.505 131.586)\"><\/path><\/g><g><path d=\"m361.892 271h-120.892v-120.892h30v90.892h90.892z\"><\/path><\/g><\/g><\/svg>\t\t\t\t\t\t<\/span>\n\t\t\t\t\t\t\t\t\t\t<span class=\"elementor-icon-list-text\">0(532) 436 35 51<\/span>\n\t\t\t\t\t\t\t\t\t<\/li>\n\t\t\t\t\t\t<\/ul>\n\t\t\t\t\t\t<\/div>\n\t\t\t\t<\/div>\n\t\t\t\t\t<\/div>\n\t\t<\/div>\n\t\t\t\t<div class=\"elementor-column elementor-col-33 elementor-top-column elementor-element elementor-element-28f8593 column-style-top\" data-id=\"28f8593\" data-element_type=\"column\">\n\t\t\t<div class=\"elementor-widget-wrap elementor-element-populated\">\n\t\t\t\t\t\t<div class=\"elementor-element elementor-element-7e1fa15 elementor-widget elementor-widget-image\" data-id=\"7e1fa15\" data-element_type=\"widget\" data-widget_type=\"image.default\">\n\t\t\t\t<div class=\"elementor-widget-container\">\n\t\t\t\t\t\t\t\t\t\t\t\t\t\t\t<img fetchpriority=\"high\" decoding=\"async\" width=\"800\" height=\"750\" src=\"https:\/\/aftplastik.com.tr\/wp-content\/uploads\/2020\/03\/image-18.jpg\" class=\"attachment-full size-full wp-image-7543\" alt=\"\" \/>\t\t\t\t\t\t\t\t\t\t\t\t\t\t\t<\/div>\n\t\t\t\t<\/div>\n\t\t\t\t\t<\/div>\n\t\t<\/div>\n\t\t\t\t<div class=\"elementor-column elementor-col-33 elementor-top-column elementor-element elementor-element-bae82c2 column-style-top\" data-id=\"bae82c2\" data-element_type=\"column\">\n\t\t\t<div class=\"elementor-widget-wrap elementor-element-populated\">\n\t\t\t\t\t\t<div class=\"elementor-element elementor-element-ee3b99a elementor-widget elementor-widget-text-editor\" data-id=\"ee3b99a\" data-element_type=\"widget\" data-widget_type=\"text-editor.default\">\n\t\t\t\t<div class=\"elementor-widget-container\">\n\t\t\t\t\t\t\t\t\t<p>\u00dcr\u00fcnlerimiz ile ilgili, verdi\u011finiz sipari\u015fleriniz, teklif isteme, konum, adres, yard\u0131m destek talepleri, firmam\u0131z hakk\u0131nda detayl\u0131 bilgi vb. t\u00fcm konulardaki sorular\u0131n\u0131z\u0131 bizlere soldaki ileti\u015fim bilgilerimizden arayarak veya alttaki ileti\u015fim formunu doldurarak iletebilirsiniz, sizlere en k\u0131sa s\u00fcrede d\u00f6n\u00fc\u015f sa\u011fl\u0131yor olaca\u011f\u0131z.<\/p><p>Aft Plastik Ekibi.<\/p>\t\t\t\t\t\t\t\t<\/div>\n\t\t\t\t<\/div>\n\t\t\t\t\t<\/div>\n\t\t<\/div>\n\t\t\t\t\t<\/div>\n\t\t<\/section>\n\t\t\t\t<section class=\"elementor-section elementor-top-section elementor-element elementor-element-608ca84 elementor-section-boxed elementor-section-height-default elementor-section-height-default\" data-id=\"608ca84\" data-element_type=\"section\">\n\t\t\t\t\t\t<div class=\"elementor-container elementor-column-gap-default\">\n\t\t\t\t\t<div class=\"elementor-column elementor-col-100 elementor-top-column elementor-element elementor-element-bf1ca68 column-style-top\" data-id=\"bf1ca68\" data-element_type=\"column\">\n\t\t\t<div class=\"elementor-widget-wrap elementor-element-populated\">\n\t\t\t\t\t\t<div class=\"elementor-element elementor-element-932c969 elementor-widget-divider--view-line elementor-widget elementor-widget-divider\" data-id=\"932c969\" data-element_type=\"widget\" data-widget_type=\"divider.default\">\n\t\t\t\t<div class=\"elementor-widget-container\">\n\t\t\t\t\t\t\t<div class=\"elementor-divider\">\n\t\t\t<span class=\"elementor-divider-separator\">\n\t\t\t\t\t\t<\/span>\n\t\t<\/div>\n\t\t\t\t\t\t<\/div>\n\t\t\t\t<\/div>\n\t\t\t\t\t<\/div>\n\t\t<\/div>\n\t\t\t\t\t<\/div>\n\t\t<\/section>\n\t\t\t\t<section class=\"elementor-section elementor-top-section elementor-element elementor-element-d7ffb7c elementor-section-boxed elementor-section-height-default elementor-section-height-default\" data-id=\"d7ffb7c\" data-element_type=\"section\">\n\t\t\t\t\t\t<div class=\"elementor-container elementor-column-gap-default\">\n\t\t\t\t\t<div class=\"elementor-column elementor-col-100 elementor-top-column elementor-element elementor-element-7a39a2b column-style-top\" data-id=\"7a39a2b\" data-element_type=\"column\">\n\t\t\t<div class=\"elementor-widget-wrap elementor-element-populated\">\n\t\t\t\t\t\t<div class=\"elementor-element elementor-element-3821df2 elementor-widget elementor-widget-gva-heading-block\" data-id=\"3821df2\" data-element_type=\"widget\" data-widget_type=\"gva-heading-block.default\">\n\t\t\t\t<div class=\"elementor-widget-container\">\n\t\t\t\t\t<div class=\"gva-element-gva-heading-block gva-element\">   <div class=\"align-center style-1 widget gsc-heading\">\r\n      <div class=\"content-inner\">\r\n         \r\n                  \r\n                     <div class=\"sub-title\"><span>Bizimle \u0130leti\u015fime Ge\u00e7in<\/span><\/div>\r\n           \r\n         \r\n                     <h2 class=\"title\">\r\n               <span>Mesaj\u0131n\u0131z\u0131 \u0130letin\n<\/span>\r\n            <\/h2>\r\n                  \r\n         \r\n      <\/div>\r\n   <\/div>\r\n   <div class=\"clearfix\"><\/div>\r\n<\/div>\t\t\t\t<\/div>\n\t\t\t\t<\/div>\n\t\t\t\t<div class=\"elementor-element elementor-element-e999300 width-800 elementor-widget elementor-widget-shortcode\" data-id=\"e999300\" data-element_type=\"widget\" data-widget_type=\"shortcode.default\">\n\t\t\t\t<div class=\"elementor-widget-container\">\n\t\t\t\t\t\t\t<div class=\"elementor-shortcode\">\n<div class=\"wpcf7 no-js\" id=\"wpcf7-f236-o1\" lang=\"en-US\" dir=\"ltr\" data-wpcf7-id=\"236\">\n<div class=\"screen-reader-response\"><p role=\"status\" aria-live=\"polite\" aria-atomic=\"true\"><\/p> <ul><\/ul><\/div>\n<form action=\"\/index.php?rest_route=%2Fwp%2Fv2%2Fpages%2F610#wpcf7-f236-o1\" method=\"post\" class=\"wpcf7-form init\" aria-label=\"Contact form\" novalidate=\"novalidate\" data-status=\"init\">\n<div style=\"display: none;\">\n<input type=\"hidden\" name=\"_wpcf7\" value=\"236\" \/>\n<input type=\"hidden\" name=\"_wpcf7_version\" value=\"6.0.4\" \/>\n<input type=\"hidden\" name=\"_wpcf7_locale\" value=\"en_US\" \/>\n<input type=\"hidden\" name=\"_wpcf7_unit_tag\" value=\"wpcf7-f236-o1\" \/>\n<input type=\"hidden\" name=\"_wpcf7_container_post\" value=\"0\" \/>\n<input type=\"hidden\" name=\"_wpcf7_posted_data_hash\" value=\"\" \/>\n<\/div>\n<div class=\"row\">\n\t<div class=\"col-sm-6 col-xs-12\">\n\t\t<p><span class=\"wpcf7-form-control-wrap\" data-name=\"your-name\"><input size=\"40\" maxlength=\"400\" class=\"wpcf7-form-control wpcf7-text wpcf7-validates-as-required\" aria-required=\"true\" aria-invalid=\"false\" placeholder=\"\u0130sim Soyisim *\" value=\"\" type=\"text\" name=\"your-name\" \/><\/span>\n\t\t<\/p>\n\t<\/div>\n\t<div class=\"col-sm-6 col-xs-12\">\n\t\t<p><span class=\"wpcf7-form-control-wrap\" data-name=\"your-email\"><input size=\"40\" maxlength=\"400\" class=\"wpcf7-form-control wpcf7-email wpcf7-validates-as-required wpcf7-text wpcf7-validates-as-email\" aria-required=\"true\" aria-invalid=\"false\" placeholder=\"E-mail *\" value=\"\" type=\"email\" name=\"your-email\" \/><\/span>\n\t\t<\/p>\n\t<\/div>\n<\/div>\n<div class=\"row\">\n\t<div class=\"col-sm-12 col-xs-12\">\n\t\t<p><span class=\"wpcf7-form-control-wrap\" data-name=\"your-subject\"><input size=\"40\" maxlength=\"400\" class=\"wpcf7-form-control wpcf7-text\" aria-invalid=\"false\" placeholder=\"Konu\" value=\"\" type=\"text\" name=\"your-subject\" \/><\/span>\n\t\t<\/p>\n\t<\/div>\n<\/div>\n<div class=\"row\">\n\t<div class=\"col-sm-12 col-xs-12\">\n\t\t<p><span class=\"wpcf7-form-control-wrap\" data-name=\"your-message\"><input size=\"40\" maxlength=\"400\" class=\"wpcf7-form-control wpcf7-text\" aria-invalid=\"false\" placeholder=\"Sorunuz \/ Mesaj\u0131n\u0131z\" value=\"\" type=\"text\" name=\"your-message\" \/><\/span>\n\t\t<\/p>\n\t<\/div>\n\t<div class=\"col-sm-12 col-xs-12 action text-center\">\n\t\t<p><input class=\"wpcf7-form-control wpcf7-submit has-spinner\" type=\"submit\" value=\"G\u00f6nder\" \/>\n\t\t<\/p>\n\t<\/div>\n<\/div><p style=\"display: none !important;\" class=\"akismet-fields-container\" data-prefix=\"_wpcf7_ak_\"><label>&#916;<textarea name=\"_wpcf7_ak_hp_textarea\" cols=\"45\" rows=\"8\" maxlength=\"100\"><\/textarea><\/label><input type=\"hidden\" id=\"ak_js_1\" name=\"_wpcf7_ak_js\" value=\"65\"\/><script>document.getElementById( \"ak_js_1\" ).setAttribute( \"value\", ( new Date() ).getTime() );<\/script><\/p><div class=\"wpcf7-response-output\" aria-hidden=\"true\"><\/div>\n<\/form>\n<\/div>\n<\/div>\n\t\t\t\t\t\t<\/div>\n\t\t\t\t<\/div>\n\t\t\t\t\t<\/div>\n\t\t<\/div>\n\t\t\t\t\t<\/div>\n\t\t<\/section>\n\t\t\t\t<section class=\"elementor-section elementor-top-section elementor-element elementor-element-a6f08c9 elementor-section-full_width elementor-section-height-default elementor-section-height-default\" data-id=\"a6f08c9\" data-element_type=\"section\">\n\t\t\t\t\t\t<div class=\"elementor-container elementor-column-gap-default\">\n\t\t\t\t\t<div class=\"elementor-column elementor-col-100 elementor-top-column elementor-element elementor-element-cc09dd8 column-style-top\" data-id=\"cc09dd8\" data-element_type=\"column\">\n\t\t\t<div class=\"elementor-widget-wrap elementor-element-populated\">\n\t\t\t\t\t\t<div class=\"elementor-element elementor-element-e14f9a1 elementor-widget elementor-widget-google_maps\" data-id=\"e14f9a1\" data-element_type=\"widget\" data-widget_type=\"google_maps.default\">\n\t\t\t\t<div class=\"elementor-widget-container\">\n\t\t\t\t\t\t\t<div class=\"elementor-custom-embed\">\n\t\t\t<iframe loading=\"lazy\"\n\t\t\t\t\tsrc=\"https:\/\/maps.google.com\/maps?q=Antalya%20Blv.%20No%3A8%2C%2007190%20Aosb%201.%20K%C4%B1s%C4%B1m%20D%C3%B6%C5%9Femealt%C4%B1%2FAntalya&#038;t=m&#038;z=10&#038;output=embed&#038;iwloc=near\"\n\t\t\t\t\ttitle=\"Antalya Blv. No:8, 07190 Aosb 1. K\u0131s\u0131m D\u00f6\u015femealt\u0131\/Antalya\"\n\t\t\t\t\taria-label=\"Antalya Blv. No:8, 07190 Aosb 1. K\u0131s\u0131m D\u00f6\u015femealt\u0131\/Antalya\"\n\t\t\t><\/iframe>\n\t\t<\/div>\n\t\t\t\t\t\t<\/div>\n\t\t\t\t<\/div>\n\t\t\t\t\t<\/div>\n\t\t<\/div>\n\t\t\t\t\t<\/div>\n\t\t<\/section>\n\t\t\t\t<\/div>\n\t\t","protected":false},"excerpt":{"rendered":"<p>Bizimle \u0130leti\u015fime Ge\u00e7in Antalya Blv. No:8, 07190 Aosb 1. K\u0131s\u0131m D\u00f6\u015femealt\u0131\/Antalya info@aftplastik.com.tr 0(242) 290 32 00 0(532) 436 35 51 \u00dcr\u00fcnlerimiz ile ilgili, verdi\u011finiz sipari\u015fleriniz, teklif isteme, konum, adres, yard\u0131m [&hellip;]<\/p>\n","protected":false},"author":1,"featured_media":0,"parent":0,"menu_order":0,"comment_status":"closed","ping_status":"closed","template":"","meta":{"_joinchat":[],"footnotes":""},"class_list":["post-610","page","type-page","status-publish","hentry"],"_links":{"self":[{"href":"https:\/\/aftplastik.com.tr\/index.php?rest_route=\/wp\/v2\/pages\/610","targetHints":{"allow":["GET"]}}],"collection":[{"href":"https:\/\/aftplastik.com.tr\/index.php?rest_route=\/wp\/v2\/pages"}],"about":[{"href":"https:\/\/aftplastik.com.tr\/index.php?rest_route=\/wp\/v2\/types\/page"}],"author":[{"embeddable":true,"href":"https:\/\/aftplastik.com.tr\/index.php?rest_route=\/wp\/v2\/users\/1"}],"replies":[{"embeddable":true,"href":"https:\/\/aftplastik.com.tr\/index.php?rest_route=%2Fwp%2Fv2%2Fcomments&post=610"}],"version-history":[{"count":18,"href":"https:\/\/aftplastik.com.tr\/index.php?rest_route=\/wp\/v2\/pages\/610\/revisions"}],"predecessor-version":[{"id":8209,"href":"https:\/\/aftplastik.com.tr\/index.php?rest_route=\/wp\/v2\/pages\/610\/revisions\/8209"}],"wp:attachment":[{"href":"https:\/\/aftplastik.com.tr\/index.php?rest_route=%2Fwp%2Fv2%2Fmedia&parent=610"}],"curies":[{"name":"wp","href":"https:\/\/api.w.org\/{rel}","templated":true}]}}